{"id":15,"date":"2023-12-31T11:11:26","date_gmt":"2023-12-31T10:11:26","guid":{"rendered":"http:\/\/clarol.ch\/lhs\/?page_id=15"},"modified":"2025-12-25T14:37:57","modified_gmt":"2025-12-25T13:37:57","slug":"projektbeschrieb","status":"publish","type":"page","link":"https:\/\/clarol.ch\/lhs\/projektbeschrieb\/","title":{"rendered":"Projektbeschrieb"},"content":{"rendered":"\n<div class=\"wp-block-group alignfull has-accent-2-background-color has-background has-global-padding is-layout-constrained wp-container-core-group-is-layout-669513ed wp-block-group-is-layout-constrained\" style=\"margin-top:0;margin-bottom:0;padding-top:var(--wp--preset--spacing--50);padding-right:var(--wp--preset--spacing--50);padding-bottom:var(--wp--preset--spacing--50);padding-left:var(--wp--preset--spacing--50)\">\n<div class=\"wp-block-columns alignwide is-layout-flex wp-container-core-columns-is-layout-28f84493 wp-block-columns-is-layout-flex\">\n<div class=\"wp-block-column is-layout-flow wp-block-column-is-layout-flow\" style=\"flex-basis:40%\">\n<p class=\"has-medium-font-size wp-container-content-0733e5d0\">Heimelig. Umsichtig. Bewusst.<\/p>\n<\/div>\n\n\n\n<div class=\"wp-block-column is-layout-flow wp-block-column-is-layout-flow\" style=\"flex-basis:60%\">\n<p class=\"has-heading-font-family has-x-large-font-size\" style=\"line-height:1.2\">Willkommen in einer einzigartigen Wohnanlage, die nicht nur architektonisch heimelig in ihre Umgebung integriert ist, sondern auch ein zukunftsweisendes und nachhaltiges Lebenskonzept verk\u00f6rpert.<\/p>\n<\/div>\n<\/div>\n\n\n\n<div style=\"height:var(--wp--preset--spacing--40)\" aria-hidden=\"true\" class=\"wp-block-spacer\"><\/div>\n\n\n\n<figure class=\"wp-block-image alignwide size-large is-style-rounded is-style-rounded--1\"><img loading=\"lazy\" decoding=\"async\" width=\"1240\" height=\"581\" src=\"https:\/\/clarol.ch\/lhs\/wp-content\/uploads\/LHS-Home-1240x581.png\" alt=\"\" class=\"wp-image-120\" srcset=\"https:\/\/clarol.ch\/lhs\/wp-content\/uploads\/LHS-Home-1240x581.png 1240w, https:\/\/clarol.ch\/lhs\/wp-content\/uploads\/LHS-Home-300x141.png 300w, https:\/\/clarol.ch\/lhs\/wp-content\/uploads\/LHS-Home-768x360.png 768w, https:\/\/clarol.ch\/lhs\/wp-content\/uploads\/LHS-Home.png 1500w\" sizes=\"auto, (max-width: 1240px) 100vw, 1240px\" \/><\/figure>\n<\/div>\n\n\n\n<div class=\"wp-block-group alignfull has-base-background-color has-background has-global-padding is-layout-constrained wp-container-core-group-is-layout-d89aad35 wp-block-group-is-layout-constrained\" style=\"margin-top:0;margin-bottom:0;padding-top:var(--wp--preset--spacing--50);padding-right:var(--wp--preset--spacing--50);padding-bottom:var(--wp--preset--spacing--50);padding-left:var(--wp--preset--spacing--50)\">\n<div class=\"wp-block-columns alignwide is-layout-flex wp-container-core-columns-is-layout-549b0c86 wp-block-columns-is-layout-flex\">\n<div class=\"wp-block-column has-global-padding is-content-justification-left is-layout-constrained wp-container-core-column-is-layout-4f15e8fe wp-block-column-is-layout-constrained\" style=\"flex-basis:40%\">\n<p class=\"has-medium-font-size\">Heimelig. Umsichtig. Bewusst.<\/p>\n<\/div>\n\n\n\n<div class=\"wp-block-column is-layout-flow wp-container-core-column-is-layout-119bc444 wp-block-column-is-layout-flow\" style=\"flex-basis:60%\">\n<p class=\"has-heading-font-family has-x-large-font-size\" style=\"line-height:1.2\">Zwei Jahrzehnte Neudenken von Wohnformen: Innovative Ideen, die Dein neues Zuhause gestalten.<\/p>\n\n\n\n<div class=\"wp-block-columns is-layout-flex wp-container-core-columns-is-layout-87beb0d0 wp-block-columns-is-layout-flex\">\n<div class=\"wp-block-column is-layout-flow wp-block-column-is-layout-flow\">\n<p class=\"has-medium-font-size\">Seit zwei Jahrzehnten setzen wir uns leidenschaftlich mit dem Konzept neuer, reduzierter Wohnformen auseinander. Obwohl unsere Erfahrung in diesem Bereich neu ist, haben wir einen klaren Fokus auf Nachhaltigkeit und Kreislaufwirtschaft. <\/p>\n<\/div>\n\n\n\n<div class=\"wp-block-column is-layout-flow wp-block-column-is-layout-flow\">\n<p class=\"has-medium-font-size\">Unser Ziel ist es, einen Beitrag zur L\u00f6sung der knappen Wohnraumsituation in Sempach und Umgebung zu leisten. Willkommen in unserem Projekt, das die Essenz zeitgem\u00e4ssen Wohnens mit bewusster Lebensgestaltung vereint.<\/p>\n\n\n\n<p>Claudia &amp; Roland Renggli<\/p>\n<\/div>\n<\/div>\n<\/div>\n<\/div>\n<\/div>\n\n\n\n<div class=\"wp-block-cover alignfull has-parallax wp-duotone-unset-2\" style=\"padding-top:var(--wp--preset--spacing--50);padding-right:var(--wp--preset--spacing--50);padding-bottom:var(--wp--preset--spacing--50);padding-left:var(--wp--preset--spacing--50);min-height:100vh;aspect-ratio:unset;\"><div class=\"wp-block-cover__image-background wp-image-227 size-full has-parallax\" style=\"background-position:50% 50%;background-image:url(https:\/\/clarol.ch\/lhs\/wp-content\/uploads\/LHS-Mood-scaled.png-scaled.png)\"><\/div><span aria-hidden=\"true\" class=\"wp-block-cover__background has-base-background-color has-background-dim-0 has-background-dim\"><\/span><div class=\"wp-block-cover__inner-container has-global-padding is-layout-constrained wp-container-core-cover-is-layout-e4fd886c wp-block-cover-is-layout-constrained\">\n<div style=\"height:500px\" aria-hidden=\"true\" class=\"wp-block-spacer\"><\/div>\n<\/div><\/div>\n\n\n\n<div class=\"wp-block-group alignfull has-base-2-background-color has-background has-global-padding is-layout-constrained wp-container-core-group-is-layout-7cd14b77 wp-block-group-is-layout-constrained\" style=\"margin-top:0;margin-bottom:0;padding-top:var(--wp--preset--spacing--60);padding-right:var(--wp--preset--spacing--60);padding-bottom:var(--wp--preset--spacing--60);padding-left:var(--wp--preset--spacing--60)\">\n<blockquote class=\"wp-block-quote is-layout-flow wp-block-quote-is-layout-flow\">\n<p>Die Sehnsucht nach L\u00e4ndlichkeit und dem Nat\u00fcrlichen, nach Gemeinschaft und N\u00e4he w\u00e4chst.<\/p>\n<cite>Oona Horx-Strathern, Home Report 2020, Zunkunftsinstitut<\/cite><\/blockquote>\n<\/div>\n\n\n\n<div class=\"wp-block-group alignfull has-global-padding is-layout-constrained wp-container-core-group-is-layout-b25ccd55 wp-block-group-is-layout-constrained\" style=\"margin-top:0;margin-bottom:0;padding-top:var(--wp--preset--spacing--50);padding-right:var(--wp--preset--spacing--50);padding-bottom:var(--wp--preset--spacing--50);padding-left:var(--wp--preset--spacing--50)\">\n<div class=\"wp-block-columns alignwide is-layout-flex wp-container-core-columns-is-layout-ff4b9c61 wp-block-columns-is-layout-flex\" style=\"margin-top:0;margin-bottom:0\">\n<div class=\"wp-block-column is-layout-flow wp-container-core-column-is-layout-8a368f38 wp-block-column-is-layout-flow\">\n<figure class=\"wp-block-image size-large is-style-rounded is-style-rounded--3\"><img loading=\"lazy\" decoding=\"async\" width=\"1240\" height=\"930\" src=\"https:\/\/clarol.ch\/lhs\/wp-content\/uploads\/IMG_0607-1240x930.jpeg\" alt=\"\" class=\"wp-image-148\" style=\"aspect-ratio:4\/3;object-fit:cover\" srcset=\"https:\/\/clarol.ch\/lhs\/wp-content\/uploads\/IMG_0607-1240x930.jpeg 1240w, https:\/\/clarol.ch\/lhs\/wp-content\/uploads\/IMG_0607-300x225.jpeg 300w, https:\/\/clarol.ch\/lhs\/wp-content\/uploads\/IMG_0607-768x576.jpeg 768w, https:\/\/clarol.ch\/lhs\/wp-content\/uploads\/IMG_0607-1536x1152.jpeg 1536w, https:\/\/clarol.ch\/lhs\/wp-content\/uploads\/IMG_0607.jpeg 2000w\" sizes=\"auto, (max-width: 1240px) 100vw, 1240px\" \/><\/figure>\n\n\n\n<pre class=\"wp-block-preformatted has-medium-font-size\" style=\"padding-top:var(--wp--preset--spacing--10);padding-bottom:var(--wp--preset--spacing--10)\"><strong><strong>Nachhaltige Holzbauweise<\/strong><\/strong>\nUnsere Wohnungen werden aus umweltfreundlichem Holz in einem modularen Design errichtet, inspiriert von der Effizienz von Schiffscontainern. Die Holzfassade ben\u00f6tigt keine k\u00fcnstliche Behandlung und passt sich heimelig in die nat\u00fcrliche Umgebung ein. Das modulare Konzept erm\u00f6glicht nicht nur Flexibilit\u00e4t, sondern auch eine beliebige Erweiterung der Wohnfl\u00e4che.<\/pre>\n\n\n\n<div style=\"height:101px\" aria-hidden=\"true\" class=\"wp-block-spacer\"><\/div>\n\n\n\n<figure class=\"wp-block-image size-large is-style-rounded is-style-rounded--4\"><img loading=\"lazy\" decoding=\"async\" width=\"1240\" height=\"698\" src=\"https:\/\/clarol.ch\/lhs\/wp-content\/uploads\/Tuersprechanlage-1240x698.jpg\" alt=\"\" class=\"wp-image-152\" style=\"aspect-ratio:3\/4;object-fit:cover\" srcset=\"https:\/\/clarol.ch\/lhs\/wp-content\/uploads\/Tuersprechanlage-1240x698.jpg 1240w, https:\/\/clarol.ch\/lhs\/wp-content\/uploads\/Tuersprechanlage-300x169.jpg 300w, https:\/\/clarol.ch\/lhs\/wp-content\/uploads\/Tuersprechanlage-768x432.jpg 768w, https:\/\/clarol.ch\/lhs\/wp-content\/uploads\/Tuersprechanlage-1536x864.jpg 1536w, https:\/\/clarol.ch\/lhs\/wp-content\/uploads\/Tuersprechanlage.jpg 2048w\" sizes=\"auto, (max-width: 1240px) 100vw, 1240px\" \/><\/figure>\n\n\n\n<pre class=\"wp-block-preformatted has-medium-font-size\" style=\"padding-top:var(--wp--preset--spacing--10);padding-bottom:var(--wp--preset--spacing--10)\"><strong>\u00d6kologische Energieautarkie<\/strong><br>Unsere \u00f6kologische Bauweise setzt auf fortschrittliche Technologien. Isolation mit Zellulose sorgt f\u00fcr Energieeffizienz, w\u00e4hrend eine Photovoltaik-Anlage auf dem Dach die Wohnanlage teilautark macht. Das Smart-Home-System erm\u00f6glicht nicht nur eine umsichtige Kontrolle der Raumumgebung, sondern auch eine Reduzierung des Energieverbrauchs. Die biodiverse Umgebung f\u00f6rdert ein bewusstes Zusammenleben mit der Natur.<\/pre>\n\n\n\n<div style=\"height:34px\" aria-hidden=\"true\" class=\"wp-block-spacer\"><\/div>\n\n\n\n<figure class=\"wp-block-image size-full is-style-rounded is-style-rounded--5\"><img loading=\"lazy\" decoding=\"async\" width=\"1080\" height=\"675\" src=\"https:\/\/clarol.ch\/lhs\/wp-content\/uploads\/Ladestation.jpg\" alt=\"\" class=\"wp-image-155\" style=\"aspect-ratio:1;object-fit:cover\" srcset=\"https:\/\/clarol.ch\/lhs\/wp-content\/uploads\/Ladestation.jpg 1080w, https:\/\/clarol.ch\/lhs\/wp-content\/uploads\/Ladestation-300x188.jpg 300w, https:\/\/clarol.ch\/lhs\/wp-content\/uploads\/Ladestation-768x480.jpg 768w\" sizes=\"auto, (max-width: 1080px) 100vw, 1080px\" \/><\/figure>\n\n\n\n<pre class=\"wp-block-preformatted has-medium-font-size\" style=\"padding-top:var(--wp--preset--spacing--10);padding-bottom:var(--wp--preset--spacing--10)\"><strong><strong>Unbeschwertes Wohnen<\/strong><\/strong><br>Die Wohnungen sind so konzipiert, dass sie auch l\u00e4ngere Zeit unbewohnt sein k\u00f6nnen, ohne auf zus\u00e4tzliche \u00dcberwachung angewiesen zu sein. Ladestationen f\u00fcr E-Autos stehen zur Verf\u00fcgung, und die verschiedenen Wohnungsgr\u00f6ssen \u2013 von 2,5 Zimmern (~60m\u00b2) bis zu 3,5 Zimmern (~83m\u00b2) \u2013 bieten eine bewusste Auswahl f\u00fcr unterschiedliche Bed\u00fcrfnisse.<\/pre>\n<\/div>\n\n\n\n<div class=\"wp-block-column is-layout-flow wp-container-core-column-is-layout-8a368f38 wp-block-column-is-layout-flow\">\n<div style=\"height:var(--wp--preset--spacing--50)\" aria-hidden=\"true\" class=\"wp-block-spacer\"><\/div>\n\n\n\n<figure class=\"wp-block-image size-full is-style-rounded is-style-rounded--6\"><img loading=\"lazy\" decoding=\"async\" width=\"1200\" height=\"800\" src=\"https:\/\/clarol.ch\/lhs\/wp-content\/uploads\/Kraeutergarten-Natur.jpg\" alt=\"\" class=\"wp-image-150\" style=\"aspect-ratio:3\/4;object-fit:cover\" srcset=\"https:\/\/clarol.ch\/lhs\/wp-content\/uploads\/Kraeutergarten-Natur.jpg 1200w, https:\/\/clarol.ch\/lhs\/wp-content\/uploads\/Kraeutergarten-Natur-300x200.jpg 300w, https:\/\/clarol.ch\/lhs\/wp-content\/uploads\/Kraeutergarten-Natur-768x512.jpg 768w\" sizes=\"auto, (max-width: 1200px) 100vw, 1200px\" \/><\/figure>\n\n\n\n<pre class=\"wp-block-preformatted has-medium-font-size\" style=\"padding-top:var(--wp--preset--spacing--10);padding-bottom:var(--wp--preset--spacing--10)\"><strong>Gemeinschaft und Natur<\/strong>\nDie Begegnungszone im Freien ist der Herzschlag unserer Gemeinschaft. Hier k\u00f6nnen Bewohner Kr\u00e4uter im Garten pfl\u00fccken, am Grillplatz gem\u00fctliche Abende verbringen oder sich in einem bl\u00fchenden Aufenthaltsbereich entspannen. Hochbeete f\u00f6rdern nachhaltiges G\u00e4rtnern und schaffen eine gr\u00fcne Oase inmitten urbaner Annehmlichkeiten.<\/pre>\n\n\n\n<div style=\"height:var(--wp--preset--spacing--50)\" aria-hidden=\"true\" class=\"wp-block-spacer\"><\/div>\n\n\n\n<figure class=\"wp-block-image size-large is-style-rounded is-style-rounded--7\"><img loading=\"lazy\" decoding=\"async\" width=\"1240\" height=\"643\" src=\"https:\/\/clarol.ch\/lhs\/wp-content\/uploads\/Bluetenwiese-1240x643.jpg\" alt=\"\" class=\"wp-image-153\" style=\"aspect-ratio:1;object-fit:cover\" srcset=\"https:\/\/clarol.ch\/lhs\/wp-content\/uploads\/Bluetenwiese-1240x643.jpg 1240w, https:\/\/clarol.ch\/lhs\/wp-content\/uploads\/Bluetenwiese-300x155.jpg 300w, https:\/\/clarol.ch\/lhs\/wp-content\/uploads\/Bluetenwiese-768x398.jpg 768w, https:\/\/clarol.ch\/lhs\/wp-content\/uploads\/Bluetenwiese-1536x796.jpg 1536w, https:\/\/clarol.ch\/lhs\/wp-content\/uploads\/Bluetenwiese.jpg 1920w\" sizes=\"auto, (max-width: 1240px) 100vw, 1240px\" \/><\/figure>\n\n\n\n<pre class=\"wp-block-preformatted has-medium-font-size\" style=\"padding-top:var(--wp--preset--spacing--10);padding-bottom:var(--wp--preset--spacing--10)\"><strong><strong>Intelligente Infrastruktur<\/strong><\/strong><br>Ein durchdachtes Smart-Home-System ist in jeder Wohnung integriert, und Bewohner haben die M\u00f6glichkeit, nicht nur ihre heimeligen Wohnr\u00e4ume, sondern auch Auto-Ladestationen und ihre Umgebung zu steuern. Die Velotiefgarage bietet Platz f\u00fcr gen\u00fcgend Fahrr\u00e4der, verf\u00fcgt \u00fcber einen Aufzug f\u00fcr Fahrr\u00e4der und Ladestationen f\u00fcr E-Bikes. Das modulare Raumkonzept der Wohnungen mit grossen Schiebet\u00fcren entspricht den Anforderungen an bauliche Innenverdichtung.<\/pre>\n<\/div>\n<\/div>\n<\/div>\n\n\n\n<div class=\"wp-block-buttons is-content-justification-center is-layout-flex wp-container-core-buttons-is-layout-a89b3969 wp-block-buttons-is-layout-flex\">\n<div class=\"wp-block-button\"><a class=\"wp-block-button__link wp-element-button\" href=\"https:\/\/clarol.ch\/lhs\/mietanfrage\/\">Kontakt f\u00fcr Mietanfrage<\/a><\/div>\n<\/div>\n","protected":false},"excerpt":{"rendered":"<p>Heimelig. Umsichtig. Bewusst. Willkommen in einer einzigartigen Wohnanlage, die nicht nur architektonisch heimelig in ihre Umgebung integriert ist, sondern auch ein zukunftsweisendes und nachhaltiges Lebenskonzept verk\u00f6rpert. Heimelig. Umsichtig. Bewusst. Zwei Jahrzehnte Neudenken von Wohnformen: Innovative Ideen, die Dein neues Zuhause gestalten. Seit zwei Jahrzehnten setzen wir uns leidenschaftlich mit dem Konzept neuer, reduzierter Wohnformen auseinander. [&hellip;]<\/p>\n","protected":false},"author":1,"featured_media":0,"parent":0,"menu_order":0,"comment_status":"closed","ping_status":"closed","template":"","meta":{"footnotes":""},"class_list":["post-15","page","type-page","status-publish","hentry"],"_links":{"self":[{"href":"https:\/\/clarol.ch\/lhs\/wp-json\/wp\/v2\/pages\/15","targetHints":{"allow":["GET"]}}],"collection":[{"href":"https:\/\/clarol.ch\/lhs\/wp-json\/wp\/v2\/pages"}],"about":[{"href":"https:\/\/clarol.ch\/lhs\/wp-json\/wp\/v2\/types\/page"}],"author":[{"embeddable":true,"href":"https:\/\/clarol.ch\/lhs\/wp-json\/wp\/v2\/users\/1"}],"replies":[{"embeddable":true,"href":"https:\/\/clarol.ch\/lhs\/wp-json\/wp\/v2\/comments?post=15"}],"version-history":[{"count":21,"href":"https:\/\/clarol.ch\/lhs\/wp-json\/wp\/v2\/pages\/15\/revisions"}],"predecessor-version":[{"id":235,"href":"https:\/\/clarol.ch\/lhs\/wp-json\/wp\/v2\/pages\/15\/revisions\/235"}],"wp:attachment":[{"href":"https:\/\/clarol.ch\/lhs\/wp-json\/wp\/v2\/media?parent=15"}],"curies":[{"name":"wp","href":"https:\/\/api.w.org\/{rel}","templated":true}]}}