{"id":76,"date":"2024-01-03T21:11:42","date_gmt":"2024-01-03T20:11:42","guid":{"rendered":"http:\/\/clarol.ch\/lhs\/?page_id=76"},"modified":"2026-03-04T08:01:29","modified_gmt":"2026-03-04T07:01:29","slug":"angebot","status":"publish","type":"page","link":"https:\/\/clarol.ch\/lhs\/angebot\/","title":{"rendered":"Angebot"},"content":{"rendered":"\n<p>Das Mietangebot umfasst 7 Apartments, welche alle gem\u00e4ss <a href=\"https:\/\/clarol.ch\/lhs\/projektbeschrieb\/\" data-type=\"page\" data-id=\"15\">Projektbeschrieb <\/a>ausgestattet sind. Eine detaillierte Beschreibung der Ausstattung findest Du direkt im <a href=\"https:\/\/clarol.ch\/lhs\/wp-content\/uploads\/Baubeschrieb_LHS-Sempach-01.pdf\" data-type=\"attachment\" data-id=\"289\" target=\"_blank\" rel=\"noreferrer noopener\">Baubeschrieb (PDF)<\/a>.<\/p>\n\n\n\n<p>Bei Interesse meldest Du Dich direkt bei uns.<\/p>\n\n\n\n<p>GEPLANTE ERSTVERMIETUNG <strong>AB 1. JULI 2026<\/strong><\/p>\n\n\n\n<div class=\"wp-block-group alignfull has-global-padding is-layout-constrained wp-container-core-group-is-layout-490fa1db wp-block-group-is-layout-constrained\" style=\"padding-top:var(--wp--preset--spacing--50);padding-right:var(--wp--preset--spacing--50);padding-bottom:var(--wp--preset--spacing--50);padding-left:var(--wp--preset--spacing--50)\">\n<div style=\"height:var(--wp--preset--spacing--30)\" aria-hidden=\"true\" class=\"wp-block-spacer\"><\/div>\n\n\n\n<figure class=\"wp-block-image alignwide size-full is-style-rounded is-style-rounded--1\"><img loading=\"lazy\" decoding=\"async\" width=\"2560\" height=\"1440\" src=\"https:\/\/clarol.ch\/lhs\/wp-content\/uploads\/Visualisierung-Wohnungsbezeichnungen-scaled.png\" alt=\"\" class=\"wp-image-215\" srcset=\"https:\/\/clarol.ch\/lhs\/wp-content\/uploads\/Visualisierung-Wohnungsbezeichnungen-scaled.png 2560w, https:\/\/clarol.ch\/lhs\/wp-content\/uploads\/Visualisierung-Wohnungsbezeichnungen-300x169.png 300w, https:\/\/clarol.ch\/lhs\/wp-content\/uploads\/Visualisierung-Wohnungsbezeichnungen-1240x698.png 1240w, https:\/\/clarol.ch\/lhs\/wp-content\/uploads\/Visualisierung-Wohnungsbezeichnungen-768x432.png 768w, https:\/\/clarol.ch\/lhs\/wp-content\/uploads\/Visualisierung-Wohnungsbezeichnungen-1536x864.png 1536w, https:\/\/clarol.ch\/lhs\/wp-content\/uploads\/Visualisierung-Wohnungsbezeichnungen-2048x1152.png 2048w\" sizes=\"auto, (max-width: 2560px) 100vw, 2560px\" \/><\/figure>\n<\/div>\n\n\n\n<figure class=\"wp-block-table alignwide\"><table><tbody><tr><td class=\"has-text-align-center\" data-align=\"center\">Nr.<\/td><td>Etage<\/td><td class=\"has-text-align-center\" data-align=\"center\">Zimmer<\/td><td class=\"has-text-align-center\" data-align=\"center\">NF\/m2<\/td><td class=\"has-text-align-center\" data-align=\"center\">HNF\/m2<\/td><td class=\"has-text-align-center\" data-align=\"center\">Loggia\/m2<\/td><td class=\"has-text-align-right\" data-align=\"right\">Netto Mz.\/Mt.<\/td><td class=\"has-text-align-right\" data-align=\"right\">HK\/NK<\/td><td class=\"has-text-align-right\" data-align=\"right\">Brutto Mz.\/Mt.<\/td><td>Grundriss<\/td><\/tr><tr><td class=\"has-text-align-center\" data-align=\"center\">WE1<\/td><td>EG S\u00fcd<\/td><td class=\"has-text-align-center\" data-align=\"center\">2.5*<\/td><td class=\"has-text-align-center\" data-align=\"center\">82<\/td><td class=\"has-text-align-center\" data-align=\"center\">73<\/td><td class=\"has-text-align-center\" data-align=\"center\">Sitzplatz<\/td><td class=\"has-text-align-right\" data-align=\"right\">&#8211;<\/td><td class=\"has-text-align-right\" data-align=\"right\">&#8211;<\/td><td class=\"has-text-align-right\" data-align=\"right\">vermietet<\/td><td><\/td><\/tr><tr><td class=\"has-text-align-center\" data-align=\"center\">WE2<\/td><td>OG1 West<\/td><td class=\"has-text-align-center\" data-align=\"center\">2.5<\/td><td class=\"has-text-align-center\" data-align=\"center\">60<\/td><td class=\"has-text-align-center\" data-align=\"center\">45<\/td><td class=\"has-text-align-center\" data-align=\"center\">8<\/td><td class=\"has-text-align-right\" data-align=\"right\">&#8211;<\/td><td class=\"has-text-align-right\" data-align=\"right\">&#8211;<\/td><td class=\"has-text-align-right\" data-align=\"right\">vermietet <\/td><td><\/td><\/tr><tr><td class=\"has-text-align-center\" data-align=\"center\">WE3<\/td><td>OG1 S\u00fcd<\/td><td class=\"has-text-align-center\" data-align=\"center\">2.5*<\/td><td class=\"has-text-align-center\" data-align=\"center\">82<\/td><td class=\"has-text-align-center\" data-align=\"center\">62<\/td><td class=\"has-text-align-center\" data-align=\"center\">12<\/td><td class=\"has-text-align-right\" data-align=\"right\">&#8211;<\/td><td class=\"has-text-align-right\" data-align=\"right\">&#8211;<\/td><td class=\"has-text-align-right\" data-align=\"right\">vermietet<\/td><td><\/td><\/tr><tr><td class=\"has-text-align-center\" data-align=\"center\">WE4<\/td><td>OG2 West<\/td><td class=\"has-text-align-center\" data-align=\"center\">2.5<\/td><td class=\"has-text-align-center\" data-align=\"center\">60<\/td><td class=\"has-text-align-center\" data-align=\"center\">45<\/td><td class=\"has-text-align-center\" data-align=\"center\">8<\/td><td class=\"has-text-align-right\" data-align=\"right\">&#8211;<\/td><td class=\"has-text-align-right\" data-align=\"right\">&#8211;<\/td><td class=\"has-text-align-right\" data-align=\"right\">vermietet<\/td><td><\/td><\/tr><tr><td class=\"has-text-align-center\" data-align=\"center\">WE5<\/td><td>OG2 S\u00fcd<\/td><td class=\"has-text-align-center\" data-align=\"center\">2.5*<\/td><td class=\"has-text-align-center\" data-align=\"center\">82<\/td><td class=\"has-text-align-center\" data-align=\"center\">62<\/td><td class=\"has-text-align-center\" data-align=\"center\">12<\/td><td class=\"has-text-align-right\" data-align=\"right\">&#8211;<\/td><td class=\"has-text-align-right\" data-align=\"right\">&#8211;<\/td><td class=\"has-text-align-right\" data-align=\"right\">vermietet<\/td><td><\/td><\/tr><tr><td class=\"has-text-align-center\" data-align=\"center\">WE6<\/td><td>OG3 West<\/td><td class=\"has-text-align-center\" data-align=\"center\">2.5<\/td><td class=\"has-text-align-center\" data-align=\"center\">60<\/td><td class=\"has-text-align-center\" data-align=\"center\">45<\/td><td class=\"has-text-align-center\" data-align=\"center\">8<\/td><td class=\"has-text-align-right\" data-align=\"right\">&#8211;<\/td><td class=\"has-text-align-right\" data-align=\"right\">&#8211;<\/td><td class=\"has-text-align-right\" data-align=\"right\">vermietet<\/td><td><\/td><\/tr><tr><td class=\"has-text-align-center\" data-align=\"center\">WE7<\/td><td>OG3 S\u00fcd<\/td><td class=\"has-text-align-center\" data-align=\"center\">2.5*<\/td><td class=\"has-text-align-center\" data-align=\"center\">83<\/td><td class=\"has-text-align-center\" data-align=\"center\">62<\/td><td class=\"has-text-align-center\" data-align=\"center\">12<\/td><td class=\"has-text-align-right\" data-align=\"right\">&#8211;<\/td><td class=\"has-text-align-right\" data-align=\"right\">&#8211;<\/td><td class=\"has-text-align-right\" data-align=\"right\">vermietet<\/td><td><\/td><\/tr><\/tbody><\/table><figcaption class=\"wp-element-caption\">Alle Preise in CHF<\/figcaption><\/figure>\n\n\n\n<p>NF: Nutzfl\u00e4che inkl. Loggia &amp; Keller \/ HNF: Hauptnutzfl\u00e4che, beheizte R\u00e4ume<\/p>\n\n\n\n<p>* Das Apartment kann auf Wunsch als 3.5-Zimmer-Wohnung genutzt werden.<\/p>\n\n\n\n<p>Zus\u00e4tzlich: Parkplatz mit Option f\u00fcr Elektromobilit\u00e4t; ab 120.00\/Mt.<\/p>\n\n\n\n<p>Diese Ausstattung erwartet Dich: <a href=\"https:\/\/clarol.ch\/lhs\/wp-content\/uploads\/Baubeschrieb_LHS-Sempach-01.pdf\" data-type=\"attachment\" data-id=\"289\" target=\"_blank\" rel=\"noreferrer noopener\">Beschrieb der Apartments (PDF)<\/a><\/p>\n\n\n\n<p><strong>Mindestmietdauer und K\u00fcndigungsfristen<\/strong><br>Mindestmietdauer betr\u00e4gt 18 Monate.&nbsp;<br>Es gilt eine K\u00fcndigungsfrist von 4 Monaten, k\u00fcndbar auf jedes Monatsende ausser per 31. Dezember, erstmals per Ablauf der festen Mietdauer.&nbsp;<\/p>\n\n\n\n<p><strong>Mietzinsdepot<\/strong><br>2 Bruttomieten<\/p>\n\n\n\n<p><strong>Haustiere<\/strong><br>Hunde und Katzen sind nicht erlaubt.<br>Kleinere Haustiere k\u00f6nnen auf Anfrage bewilligt werden.<\/p>\n\n\n\n<p><\/p>\n\n\n\n<div class=\"wp-block-buttons is-content-justification-center is-layout-flex wp-container-core-buttons-is-layout-a89b3969 wp-block-buttons-is-layout-flex\">\n<div class=\"wp-block-button\"><a class=\"wp-block-button__link wp-element-button\" href=\"https:\/\/clarol.ch\/lhs\/mietanfrage\/\">Kontakt f\u00fcr Mietanfrage<\/a><\/div>\n<\/div>\n","protected":false},"excerpt":{"rendered":"<p>Das Mietangebot umfasst 7 Apartments, welche alle gem\u00e4ss Projektbeschrieb ausgestattet sind. Eine detaillierte Beschreibung der Ausstattung findest Du direkt im Baubeschrieb (PDF). Bei Interesse meldest Du Dich direkt bei uns. GEPLANTE ERSTVERMIETUNG AB 1. JULI 2026 Nr. Etage Zimmer NF\/m2 HNF\/m2 Loggia\/m2 Netto Mz.\/Mt. HK\/NK Brutto Mz.\/Mt. Grundriss WE1 EG S\u00fcd 2.5* 82 73 Sitzplatz [&hellip;]<\/p>\n","protected":false},"author":1,"featured_media":0,"parent":0,"menu_order":0,"comment_status":"closed","ping_status":"closed","template":"","meta":{"footnotes":""},"class_list":["post-76","page","type-page","status-publish","hentry"],"_links":{"self":[{"href":"https:\/\/clarol.ch\/lhs\/wp-json\/wp\/v2\/pages\/76","targetHints":{"allow":["GET"]}}],"collection":[{"href":"https:\/\/clarol.ch\/lhs\/wp-json\/wp\/v2\/pages"}],"about":[{"href":"https:\/\/clarol.ch\/lhs\/wp-json\/wp\/v2\/types\/page"}],"author":[{"embeddable":true,"href":"https:\/\/clarol.ch\/lhs\/wp-json\/wp\/v2\/users\/1"}],"replies":[{"embeddable":true,"href":"https:\/\/clarol.ch\/lhs\/wp-json\/wp\/v2\/comments?post=76"}],"version-history":[{"count":37,"href":"https:\/\/clarol.ch\/lhs\/wp-json\/wp\/v2\/pages\/76\/revisions"}],"predecessor-version":[{"id":303,"href":"https:\/\/clarol.ch\/lhs\/wp-json\/wp\/v2\/pages\/76\/revisions\/303"}],"wp:attachment":[{"href":"https:\/\/clarol.ch\/lhs\/wp-json\/wp\/v2\/media?parent=76"}],"curies":[{"name":"wp","href":"https:\/\/api.w.org\/{rel}","templated":true}]}}