{"id":92,"date":"2024-01-04T06:50:52","date_gmt":"2024-01-04T05:50:52","guid":{"rendered":"http:\/\/clarol.ch\/lhs\/?page_id=92"},"modified":"2025-10-05T11:18:19","modified_gmt":"2025-10-05T09:18:19","slug":"lage","status":"publish","type":"page","link":"https:\/\/clarol.ch\/lhs\/lage\/","title":{"rendered":"Lage"},"content":{"rendered":"\n<div class=\"wp-block-group alignfull has-global-padding is-layout-constrained wp-container-core-group-is-layout-490fa1db wp-block-group-is-layout-constrained\" style=\"padding-top:var(--wp--preset--spacing--50);padding-right:var(--wp--preset--spacing--50);padding-bottom:var(--wp--preset--spacing--50);padding-left:var(--wp--preset--spacing--50)\">\n<div class=\"wp-block-group has-global-padding is-layout-constrained wp-container-core-group-is-layout-650790e1 wp-block-group-is-layout-constrained\">\n<h1 class=\"wp-block-heading has-text-align-center has-x-large-font-size\">Sempach &#8211; <br>die kleine Stadt am See<\/h1>\n\n\n\n<div style=\"height:1.25rem\" aria-hidden=\"true\" class=\"wp-block-spacer\"><\/div>\n\n\n\n<p class=\"has-text-align-center\">Eingebettet in die malerische Zentralschweiz, begr\u00fcsst Dich Sempach am Ufer des gleichnamigen Sees. Diese historisch reiche Stadt verbindet pittoreskes Flair mit zeitgem\u00e4ssem Charme.<\/p>\n\n\n\n<div style=\"height:54px\" aria-hidden=\"true\" class=\"wp-block-spacer\"><\/div>\n<\/div>\n\n\n\n<div style=\"height:var(--wp--preset--spacing--30)\" aria-hidden=\"true\" class=\"wp-block-spacer\"><\/div>\n\n\n\n<figure class=\"wp-block-image alignwide size-full is-style-rounded is-style-rounded--1\"><img loading=\"lazy\" decoding=\"async\" width=\"1903\" height=\"969\" src=\"https:\/\/clarol.ch\/lhs\/wp-content\/uploads\/sempach-altstadt.jpg\" alt=\"\" class=\"wp-image-132\" srcset=\"https:\/\/clarol.ch\/lhs\/wp-content\/uploads\/sempach-altstadt.jpg 1903w, https:\/\/clarol.ch\/lhs\/wp-content\/uploads\/sempach-altstadt-300x153.jpg 300w, https:\/\/clarol.ch\/lhs\/wp-content\/uploads\/sempach-altstadt-1240x631.jpg 1240w, https:\/\/clarol.ch\/lhs\/wp-content\/uploads\/sempach-altstadt-768x391.jpg 768w, https:\/\/clarol.ch\/lhs\/wp-content\/uploads\/sempach-altstadt-1536x782.jpg 1536w\" sizes=\"auto, (max-width: 1903px) 100vw, 1903px\" \/><\/figure>\n<\/div>\n\n\n\n<div class=\"wp-block-group alignfull has-base-2-background-color has-background has-global-padding is-layout-constrained wp-container-core-group-is-layout-669513ed wp-block-group-is-layout-constrained\" style=\"margin-top:0;margin-bottom:0;padding-top:var(--wp--preset--spacing--50);padding-right:var(--wp--preset--spacing--50);padding-bottom:var(--wp--preset--spacing--50);padding-left:var(--wp--preset--spacing--50)\">\n<div class=\"wp-block-group is-vertical is-content-justification-center is-layout-flex wp-container-core-group-is-layout-52b864f0 wp-block-group-is-layout-flex\">\n<h2 class=\"wp-block-heading has-text-align-center is-style-asterisk\">Sempach &#8211; Historisches Erbe am Sempachersee<\/h2>\n\n\n\n<div style=\"height:0px\" aria-hidden=\"true\" class=\"wp-block-spacer wp-container-content-4f2ccadb\"><\/div>\n\n\n\n<p class=\"has-text-align-center\">Eingebettet in die atemberaubende Zentralschweiz, ist Sempach stolz auf seine reiche Geschichte und den malerischen Sempachersee. Die gut erhaltene Altstadt und charmante Pl\u00e4tze erz\u00e4hlen Geschichten aus vergangenen Zeiten, w\u00e4hrend moderne Annehmlichkeiten das t\u00e4gliche Leben bereichern. Erlebe die einzigartige Verbindung von Tradition und Moderne in Sempach.<\/p>\n<\/div>\n\n\n\n<div style=\"margin-top:0;margin-bottom:0;height:var(--wp--preset--spacing--40)\" aria-hidden=\"true\" class=\"wp-block-spacer\"><\/div>\n\n\n\n<div class=\"wp-block-columns alignwide is-layout-flex wp-container-core-columns-is-layout-d0bbbce0 wp-block-columns-is-layout-flex\">\n<div class=\"wp-block-column is-layout-flow wp-container-core-column-is-layout-e3d1c41b wp-block-column-is-layout-flow\">\n<h3 class=\"wp-block-heading has-text-align-left is-style-asterisk has-body-font-family has-medium-font-size\" style=\"font-style:normal;font-weight:600\">Freizeit<\/h3>\n\n\n\n<p class=\"has-text-align-left\">Sempach bietet ein grossz\u00fcgiges Freizeitangebot mit einer vielf\u00e4ltigen Anzahl von Vereinen und dem Naherholungsgebiet Sempachersee.<\/p>\n<\/div>\n\n\n\n<div class=\"wp-block-column is-layout-flow wp-container-core-column-is-layout-e3d1c41b wp-block-column-is-layout-flow\">\n<h3 class=\"wp-block-heading has-text-align-left is-style-asterisk has-body-font-family has-medium-font-size\" style=\"font-style:normal;font-weight:600\">Verkehrslage<\/h3>\n\n\n\n<p class=\"has-text-align-left\">Ideale Verkehrslage mit dem direkten Autobahnanschluss A2 sowie den Anbindungen ans \u00f6ffentliche Netz (diverse Bushaltestellen und <a href=\"https:\/\/www.sbb.ch\/de\/reiseinformationen\/bahnhoefe\/bahnhof-finden\/bahnhof.2009.sempach-neuenkirch.html\" data-type=\"link\" data-id=\"https:\/\/www.sbb.ch\/de\/reiseinformationen\/bahnhoefe\/bahnhof-finden\/bahnhof.2009.sempach-neuenkirch.html\" target=\"_blank\" rel=\"noreferrer noopener\">SBB-Bahnhof Sempach Station<\/a>).<\/p>\n<\/div>\n\n\n\n<div class=\"wp-block-column is-layout-flow wp-container-core-column-is-layout-e3d1c41b wp-block-column-is-layout-flow\">\n<h3 class=\"wp-block-heading has-text-align-left is-style-asterisk has-body-font-family has-medium-font-size\" style=\"font-style:normal;font-weight:600\">Schulen<\/h3>\n\n\n\n<p class=\"has-text-align-left\">Die Schule Sempach verf\u00fcgt \u00fcber ein umfassendes Schul- und Bildungsangebot. Das Volksschulangebot beinhaltet Kinderg\u00e4rten, die Primarschule sowie die Sekundarstufe.<\/p>\n<\/div>\n<\/div>\n\n\n\n<div style=\"height:var(--wp--preset--spacing--20)\" aria-hidden=\"true\" class=\"wp-block-spacer\"><\/div>\n\n\n\n<div class=\"wp-block-columns alignwide is-layout-flex wp-container-core-columns-is-layout-d0bbbce0 wp-block-columns-is-layout-flex\">\n<div class=\"wp-block-column is-layout-flow wp-container-core-column-is-layout-e3d1c41b wp-block-column-is-layout-flow\">\n<h3 class=\"wp-block-heading has-text-align-left is-style-asterisk has-body-font-family has-medium-font-size\" style=\"font-style:normal;font-weight:600\">Einkaufen<\/h3>\n\n\n\n<p class=\"has-text-align-left\">Sempach bietet mit einer <a href=\"https:\/\/filialen.migros.ch\/de\/voi-voi-sempach-stadt\" data-type=\"link\" data-id=\"https:\/\/filialen.migros.ch\/de\/voi-voi-sempach-stadt\" target=\"_blank\" rel=\"noreferrer noopener\">Migros<\/a>, einem <a href=\"https:\/\/www.coop.ch\/de\/standorte\/coop-supermarkt-sempach\/1122_POS\" data-type=\"link\" data-id=\"https:\/\/www.coop.ch\/de\/standorte\/coop-supermarkt-sempach\/1122_POS\" target=\"_blank\" rel=\"noreferrer noopener\">Coop <\/a>sowie diversen Kleindetaillisten eine bunte Palette an Einkaufsm\u00f6glichkeiten.<\/p>\n<\/div>\n\n\n\n<div class=\"wp-block-column is-layout-flow wp-container-core-column-is-layout-e3d1c41b wp-block-column-is-layout-flow\">\n<h3 class=\"wp-block-heading has-text-align-left is-style-asterisk has-body-font-family has-medium-font-size\" style=\"font-style:normal;font-weight:600\">N\u00e4he<\/h3>\n\n\n\n<p>Die Apartments befinden sich oberhalb des Dorfkerns. Die Bushaltestellen und Einkaufsm\u00f6glichkeiten sind zu Fuss bequem erreichbar.<\/p>\n<\/div>\n\n\n\n<div class=\"wp-block-column is-layout-flow wp-container-core-column-is-layout-e3d1c41b wp-block-column-is-layout-flow\">\n<h3 class=\"wp-block-heading has-text-align-left is-style-asterisk has-body-font-family has-medium-font-size\" style=\"font-style:normal;font-weight:600\">Mehr Informationen<\/h3>\n\n\n\n<p class=\"has-text-align-left\"><a href=\"https:\/\/www.sempach.ch\/\" data-type=\"link\" data-id=\"https:\/\/www.sempach.ch\/\" target=\"_blank\" rel=\"noreferrer noopener\">Stadt Sempach<\/a>.<br><a href=\"https:\/\/www.sempachersee-tourismus.ch\/de\/\" data-type=\"link\" data-id=\"https:\/\/www.sempachersee-tourismus.ch\/de\/\" target=\"_blank\" rel=\"noreferrer noopener\">Sempachersee Tourismus<\/a>.<br><a href=\"https:\/\/www.luzern.com\/de\/\" data-type=\"link\" data-id=\"https:\/\/www.luzern.com\/de\/\" target=\"_blank\" rel=\"noreferrer noopener\">Luzern Tourismus<\/a>.<br><\/p>\n<\/div>\n<\/div>\n<\/div>\n\n\n\n<div class=\"wp-block-group alignfull has-global-padding is-layout-constrained wp-container-core-group-is-layout-d89aad35 wp-block-group-is-layout-constrained\" style=\"margin-top:0;margin-bottom:0;padding-top:var(--wp--preset--spacing--50);padding-right:var(--wp--preset--spacing--50);padding-bottom:var(--wp--preset--spacing--50);padding-left:var(--wp--preset--spacing--50)\">\n<div class=\"wp-block-group alignfull has-custom-weiss-background-color has-background has-global-padding is-layout-constrained wp-container-core-group-is-layout-d89aad35 wp-block-group-is-layout-constrained\" style=\"margin-top:0;margin-bottom:0;padding-top:var(--wp--preset--spacing--50);padding-right:var(--wp--preset--spacing--50);padding-bottom:var(--wp--preset--spacing--50);padding-left:var(--wp--preset--spacing--50)\">\n<figure class=\"wp-block-image alignfull size-large\"><img loading=\"lazy\" decoding=\"async\" width=\"1240\" height=\"698\" src=\"https:\/\/clarol.ch\/lhs\/wp-content\/uploads\/Lageplan-1240x698.png\" alt=\"\" class=\"wp-image-109\" srcset=\"https:\/\/clarol.ch\/lhs\/wp-content\/uploads\/Lageplan-1240x698.png 1240w, https:\/\/clarol.ch\/lhs\/wp-content\/uploads\/Lageplan-300x169.png 300w, https:\/\/clarol.ch\/lhs\/wp-content\/uploads\/Lageplan-768x432.png 768w, https:\/\/clarol.ch\/lhs\/wp-content\/uploads\/Lageplan-1536x864.png 1536w, https:\/\/clarol.ch\/lhs\/wp-content\/uploads\/Lageplan-2048x1152.png 2048w\" sizes=\"auto, (max-width: 1240px) 100vw, 1240px\" \/><\/figure>\n\n\n\n<div style=\"height:28px\" aria-hidden=\"true\" class=\"wp-block-spacer\"><\/div>\n\n\n\n<div class=\"wp-block-group alignwide has-base-2-background-color has-background has-global-padding is-layout-constrained wp-container-core-group-is-layout-39412042 wp-block-group-is-layout-constrained\" style=\"border-radius:16px;padding-top:var(--wp--preset--spacing--40);padding-right:var(--wp--preset--spacing--50);padding-bottom:var(--wp--preset--spacing--40);padding-left:var(--wp--preset--spacing--50)\">\n<div style=\"height:var(--wp--preset--spacing--10)\" aria-hidden=\"true\" class=\"wp-block-spacer\"><\/div>\n\n\n\n<h2 class=\"wp-block-heading has-text-align-center has-x-large-font-size\">Kontaktiere uns<\/h2>\n\n\n\n<p class=\"has-text-align-center\">Informationen zu unserem Projekt und den Miet-Apartments.<\/p>\n\n\n\n<div class=\"wp-block-buttons is-content-justification-center is-layout-flex wp-container-core-buttons-is-layout-a89b3969 wp-block-buttons-is-layout-flex\">\n<div class=\"wp-block-button\"><a class=\"wp-block-button__link wp-element-button\" href=\"https:\/\/clarol.ch\/lhs\/kontakt\/\">Kontakt<\/a><\/div>\n\n\n\n<div class=\"wp-block-button\"><a class=\"wp-block-button__link wp-element-button\" href=\"https:\/\/clarol.ch\/lhs\/mietanfrage\/\">Kontakt f\u00fcr Mietanfrage<\/a><\/div>\n<\/div>\n\n\n\n<div style=\"height:var(--wp--preset--spacing--10)\" aria-hidden=\"true\" class=\"wp-block-spacer\"><\/div>\n<\/div>\n<\/div>\n<\/div>\n","protected":false},"excerpt":{"rendered":"<p>Sempach &#8211; die kleine Stadt am See Eingebettet in die malerische Zentralschweiz, begr\u00fcsst Dich Sempach am Ufer des gleichnamigen Sees. Diese historisch reiche Stadt verbindet pittoreskes Flair mit zeitgem\u00e4ssem Charme. Sempach &#8211; Historisches Erbe am Sempachersee Eingebettet in die atemberaubende Zentralschweiz, ist Sempach stolz auf seine reiche Geschichte und den malerischen Sempachersee. Die gut erhaltene [&hellip;]<\/p>\n","protected":false},"author":1,"featured_media":0,"parent":0,"menu_order":0,"comment_status":"closed","ping_status":"closed","template":"","meta":{"footnotes":""},"class_list":["post-92","page","type-page","status-publish","hentry"],"_links":{"self":[{"href":"https:\/\/clarol.ch\/lhs\/wp-json\/wp\/v2\/pages\/92","targetHints":{"allow":["GET"]}}],"collection":[{"href":"https:\/\/clarol.ch\/lhs\/wp-json\/wp\/v2\/pages"}],"about":[{"href":"https:\/\/clarol.ch\/lhs\/wp-json\/wp\/v2\/types\/page"}],"author":[{"embeddable":true,"href":"https:\/\/clarol.ch\/lhs\/wp-json\/wp\/v2\/users\/1"}],"replies":[{"embeddable":true,"href":"https:\/\/clarol.ch\/lhs\/wp-json\/wp\/v2\/comments?post=92"}],"version-history":[{"count":14,"href":"https:\/\/clarol.ch\/lhs\/wp-json\/wp\/v2\/pages\/92\/revisions"}],"predecessor-version":[{"id":147,"href":"https:\/\/clarol.ch\/lhs\/wp-json\/wp\/v2\/pages\/92\/revisions\/147"}],"wp:attachment":[{"href":"https:\/\/clarol.ch\/lhs\/wp-json\/wp\/v2\/media?parent=92"}],"curies":[{"name":"wp","href":"https:\/\/api.w.org\/{rel}","templated":true}]}}